{"id":8754,"date":"2016-03-14T14:33:38","date_gmt":"2016-03-14T14:33:38","guid":{"rendered":"http:\/\/brooklyn.fatmoon.kinsta.com\/?page_id=2"},"modified":"2025-02-19T22:21:31","modified_gmt":"2025-02-19T22:21:31","slug":"home","status":"publish","type":"page","link":"https:\/\/augusta-store.com\/","title":{"rendered":"Home"},"content":{"rendered":"\t\t<div data-elementor-type=\"wp-post\" data-elementor-id=\"8754\" class=\"elementor elementor-8754\" data-elementor-post-type=\"page\">\n\t\t\t\t\t\t<section class=\"elementor-section elementor-top-section elementor-element elementor-element-d776a67 elementor-section-full_width elementor-section-stretched elementor-section-height-default elementor-section-height-default\" data-id=\"d776a67\" data-element_type=\"section\" data-settings=\"{&quot;stretch_section&quot;:&quot;section-stretched&quot;}\">\n\t\t\t\t\t\t<div class=\"elementor-container elementor-column-gap-default\">\n\t\t\t\t\t<div class=\"elementor-column elementor-col-100 elementor-top-column elementor-element elementor-element-668ae8a\" data-id=\"668ae8a\" data-element_type=\"column\">\n\t\t\t<div class=\"elementor-widget-wrap elementor-element-populated\">\n\t\t\t\t\t\t<div class=\"elementor-element elementor-element-7c51b22 elementor-widget elementor-widget-image\" data-id=\"7c51b22\" data-element_type=\"widget\" data-widget_type=\"image.default\">\n\t\t\t\t<div class=\"elementor-widget-container\">\n\t\t\t\t\t\t\t\t\t\t\t\t\t\t\t<img fetchpriority=\"high\" decoding=\"async\" width=\"2560\" height=\"1707\" src=\"https:\/\/augusta-store.com\/wp-content\/uploads\/2022\/07\/MG_8052-min-scaled-1.jpg\" class=\"attachment-full size-full wp-image-11932\" alt=\"\" srcset=\"https:\/\/augusta-store.com\/wp-content\/uploads\/2022\/07\/MG_8052-min-scaled-1.jpg 2560w, https:\/\/augusta-store.com\/wp-content\/uploads\/2022\/07\/MG_8052-min-scaled-1-800x533.jpg 800w, https:\/\/augusta-store.com\/wp-content\/uploads\/2022\/07\/MG_8052-min-scaled-1-64x43.jpg 64w, https:\/\/augusta-store.com\/wp-content\/uploads\/2022\/07\/MG_8052-min-scaled-1-300x200.jpg 300w, https:\/\/augusta-store.com\/wp-content\/uploads\/2022\/07\/MG_8052-min-scaled-1-1024x683.jpg 1024w, https:\/\/augusta-store.com\/wp-content\/uploads\/2022\/07\/MG_8052-min-scaled-1-768x512.jpg 768w, https:\/\/augusta-store.com\/wp-content\/uploads\/2022\/07\/MG_8052-min-scaled-1-1536x1024.jpg 1536w, https:\/\/augusta-store.com\/wp-content\/uploads\/2022\/07\/MG_8052-min-scaled-1-2048x1366.jpg 2048w\" sizes=\"(max-width: 2560px) 100vw, 2560px\" \/>\t\t\t\t\t\t\t\t\t\t\t\t\t\t\t<\/div>\n\t\t\t\t<\/div>\n\t\t\t\t\t<\/div>\n\t\t<\/div>\n\t\t\t\t\t<\/div>\n\t\t<\/section>\n\t\t\t\t<section class=\"elementor-section elementor-top-section elementor-element elementor-element-ebb1da9 elementor-section-stretched elementor-section-full_width elementor-section-height-default elementor-section-height-default\" data-id=\"ebb1da9\" data-element_type=\"section\" id=\"shop\" data-settings=\"{&quot;stretch_section&quot;:&quot;section-stretched&quot;}\">\n\t\t\t\t\t\t<div class=\"elementor-container elementor-column-gap-default\">\n\t\t\t\t\t<div class=\"elementor-column elementor-col-100 elementor-top-column elementor-element elementor-element-dd7e3e2\" data-id=\"dd7e3e2\" data-element_type=\"column\">\n\t\t\t<div class=\"elementor-widget-wrap elementor-element-populated\">\n\t\t\t\t\t\t<div class=\"elementor-element elementor-element-a81a164 elementor-widget elementor-widget-spacer\" data-id=\"a81a164\" data-element_type=\"widget\" data-widget_type=\"spacer.default\">\n\t\t\t\t<div class=\"elementor-widget-container\">\n\t\t\t\t\t\t\t<div class=\"elementor-spacer\">\n\t\t\t<div class=\"elementor-spacer-inner\"><\/div>\n\t\t<\/div>\n\t\t\t\t\t\t<\/div>\n\t\t\t\t<\/div>\n\t\t\t\t<div class=\"elementor-element elementor-element-f4702dd elementor-widget elementor-widget-shortcode\" data-id=\"f4702dd\" data-element_type=\"widget\" data-widget_type=\"shortcode.default\">\n\t\t\t\t<div class=\"elementor-widget-container\">\n\t\t\t\t\t\t\t<div class=\"elementor-shortcode\"><div class=\"woocommerce columns-3 \"><ul class=\"products columns-3\">\n<li class=\"product type-product post-12374 status-publish first instock product_cat-tiaras has-post-thumbnail featured shipping-taxable purchasable product-type-variable\">\n\t<a href=\"https:\/\/augusta-store.com\/?product=tiara-macrame-dourada\" class=\"woocommerce-LoopProduct-link woocommerce-loop-product__link\"><img decoding=\"async\" width=\"500\" height=\"667\" src=\"https:\/\/augusta-store.com\/wp-content\/uploads\/2023\/02\/MG_1182_8-copiar-500x667.jpg\" class=\"attachment-woocommerce_thumbnail size-woocommerce_thumbnail\" alt=\"Tiara Macram\u00e9 Dourada\" \/><h2 class=\"woocommerce-loop-product__title\">Tiara Macram\u00e9 Dourada<\/h2>\n\t<span class=\"price\"><span class=\"woocommerce-Price-amount amount\"><bdi><span class=\"woocommerce-Price-currencySymbol\">R$<\/span>380<\/bdi><\/span><\/span>\n<\/a><a href=\"https:\/\/augusta-store.com\/?product=tiara-macrame-dourada\" aria-describedby=\"woocommerce_loop_add_to_cart_link_describedby_12374\" data-quantity=\"1\" class=\"button product_type_variable add_to_cart_button cfvsw_ajax_add_to_cart\" data-product_id=\"12374\" data-product_sku=\"\" aria-label=\"Selecione as op\u00e7\u00f5es para &ldquo;Tiara Macram\u00e9 Dourada&rdquo;\" rel=\"nofollow\" data-add_to_cart_text=\"Add to Cart\" data-select_options_text=\"Ver op\u00e7\u00f5es\">Ver op\u00e7\u00f5es<\/a>\t<span id=\"woocommerce_loop_add_to_cart_link_describedby_12374\" class=\"screen-reader-text\">\n\t\tEste produto tem v\u00e1rias variantes. As op\u00e7\u00f5es podem ser escolhidas na p\u00e1gina do produto\t<\/span>\n<\/li>\n<li class=\"product type-product post-12369 status-publish instock product_cat-tiaras has-post-thumbnail featured shipping-taxable purchasable product-type-variable\">\n\t<a href=\"https:\/\/augusta-store.com\/?product=tiara-veludo-trancado\" class=\"woocommerce-LoopProduct-link woocommerce-loop-product__link\"><img decoding=\"async\" width=\"500\" height=\"667\" src=\"https:\/\/augusta-store.com\/wp-content\/uploads\/2023\/02\/MG_1089_8-copiar-500x667.jpg\" class=\"attachment-woocommerce_thumbnail size-woocommerce_thumbnail\" alt=\"Tiara Veludo Tran\u00e7ado\" \/><h2 class=\"woocommerce-loop-product__title\">Tiara Veludo Tran\u00e7ado<\/h2>\n\t<span class=\"price\"><span class=\"woocommerce-Price-amount amount\"><bdi><span class=\"woocommerce-Price-currencySymbol\">R$<\/span>296<\/bdi><\/span><\/span>\n<\/a><a href=\"https:\/\/augusta-store.com\/?product=tiara-veludo-trancado\" aria-describedby=\"woocommerce_loop_add_to_cart_link_describedby_12369\" data-quantity=\"1\" class=\"button product_type_variable add_to_cart_button cfvsw_ajax_add_to_cart\" data-product_id=\"12369\" data-product_sku=\"\" aria-label=\"Selecione as op\u00e7\u00f5es para &ldquo;Tiara Veludo Tran\u00e7ado&rdquo;\" rel=\"nofollow\" data-add_to_cart_text=\"Add to Cart\" data-select_options_text=\"Ver op\u00e7\u00f5es\">Ver op\u00e7\u00f5es<\/a>\t<span id=\"woocommerce_loop_add_to_cart_link_describedby_12369\" class=\"screen-reader-text\">\n\t\tEste produto tem v\u00e1rias variantes. As op\u00e7\u00f5es podem ser escolhidas na p\u00e1gina do produto\t<\/span>\n<\/li>\n<li class=\"product type-product post-12358 status-publish last instock product_cat-tiaras has-post-thumbnail featured shipping-taxable purchasable product-type-variable\">\n\t<a href=\"https:\/\/augusta-store.com\/?product=tiara-gorgurao-reciclado\" class=\"woocommerce-LoopProduct-link woocommerce-loop-product__link\"><img loading=\"lazy\" decoding=\"async\" width=\"500\" height=\"667\" src=\"https:\/\/augusta-store.com\/wp-content\/uploads\/2023\/02\/MG_1165_6-copiar-500x667.jpg\" class=\"attachment-woocommerce_thumbnail size-woocommerce_thumbnail\" alt=\"Tiara Gorgur\u00e3o Reciclado\" \/><h2 class=\"woocommerce-loop-product__title\">Tiara Gorgur\u00e3o Reciclado<\/h2>\n\t<span class=\"price\"><span class=\"woocommerce-Price-amount amount\"><bdi><span class=\"woocommerce-Price-currencySymbol\">R$<\/span>324<\/bdi><\/span><\/span>\n<\/a><a href=\"https:\/\/augusta-store.com\/?product=tiara-gorgurao-reciclado\" aria-describedby=\"woocommerce_loop_add_to_cart_link_describedby_12358\" data-quantity=\"1\" class=\"button product_type_variable add_to_cart_button cfvsw_ajax_add_to_cart\" data-product_id=\"12358\" data-product_sku=\"\" aria-label=\"Selecione as op\u00e7\u00f5es para &ldquo;Tiara Gorgur\u00e3o Reciclado&rdquo;\" rel=\"nofollow\" data-add_to_cart_text=\"Add to Cart\" data-select_options_text=\"Ver op\u00e7\u00f5es\">Ver op\u00e7\u00f5es<\/a>\t<span id=\"woocommerce_loop_add_to_cart_link_describedby_12358\" class=\"screen-reader-text\">\n\t\tEste produto tem v\u00e1rias variantes. As op\u00e7\u00f5es podem ser escolhidas na p\u00e1gina do produto\t<\/span>\n<\/li>\n<\/ul>\n<\/div><\/div>\n\t\t\t\t\t\t<\/div>\n\t\t\t\t<\/div>\n\t\t\t\t\t<\/div>\n\t\t<\/div>\n\t\t\t\t\t<\/div>\n\t\t<\/section>\n\t\t\t\t<section class=\"elementor-section elementor-top-section elementor-element elementor-element-2532eaa elementor-section-stretched elementor-section-full_width elementor-section-height-default elementor-section-height-default\" data-id=\"2532eaa\" data-element_type=\"section\" data-settings=\"{&quot;stretch_section&quot;:&quot;section-stretched&quot;}\">\n\t\t\t\t\t\t<div class=\"elementor-container elementor-column-gap-default\">\n\t\t\t\t\t<div class=\"elementor-column elementor-col-50 elementor-top-column elementor-element elementor-element-87a0e25\" data-id=\"87a0e25\" data-element_type=\"column\">\n\t\t\t<div class=\"elementor-widget-wrap elementor-element-populated\">\n\t\t\t\t\t\t<div class=\"elementor-element elementor-element-16d7ff6 elementor-widget elementor-widget-spacer\" data-id=\"16d7ff6\" data-element_type=\"widget\" data-widget_type=\"spacer.default\">\n\t\t\t\t<div class=\"elementor-widget-container\">\n\t\t\t\t\t\t\t<div class=\"elementor-spacer\">\n\t\t\t<div class=\"elementor-spacer-inner\"><\/div>\n\t\t<\/div>\n\t\t\t\t\t\t<\/div>\n\t\t\t\t<\/div>\n\t\t\t\t<div class=\"elementor-element elementor-element-c1f9e00 elementor-widget elementor-widget-heading\" data-id=\"c1f9e00\" data-element_type=\"widget\" data-widget_type=\"heading.default\">\n\t\t\t\t<div class=\"elementor-widget-container\">\n\t\t\t\t\t<h2 class=\"elementor-heading-title elementor-size-default\">SUSTAINABLE COUTURE -TO -WEAR\n<\/br><\/br>DRAWN BY THE ELEGANCE OF ELABORATE CONSTRUCTIONS\nAND GENUINE ECO-DESIGN, AUGUSTA\u2019S CREATIONS ARE\nPRESENTED IN ULTRA-NUMBERED EDITIONS.<\/h2>\t\t\t\t<\/div>\n\t\t\t\t<\/div>\n\t\t\t\t\t<\/div>\n\t\t<\/div>\n\t\t\t\t<div class=\"elementor-column elementor-col-50 elementor-top-column elementor-element elementor-element-b41a7eb\" data-id=\"b41a7eb\" data-element_type=\"column\">\n\t\t\t<div class=\"elementor-widget-wrap elementor-element-populated\">\n\t\t\t\t\t\t<div class=\"elementor-element elementor-element-8e9a13d elementor-widget elementor-widget-spacer\" data-id=\"8e9a13d\" data-element_type=\"widget\" data-widget_type=\"spacer.default\">\n\t\t\t\t<div class=\"elementor-widget-container\">\n\t\t\t\t\t\t\t<div class=\"elementor-spacer\">\n\t\t\t<div class=\"elementor-spacer-inner\"><\/div>\n\t\t<\/div>\n\t\t\t\t\t\t<\/div>\n\t\t\t\t<\/div>\n\t\t\t\t<div class=\"elementor-element elementor-element-0f58826 elementor-widget elementor-widget-shortcode\" data-id=\"0f58826\" data-element_type=\"widget\" data-widget_type=\"shortcode.default\">\n\t\t\t\t<div class=\"elementor-widget-container\">\n\t\t\t\t\t\t\t<div class=\"elementor-shortcode\"><div class=\"woocommerce columns-2 \"><ul class=\"products columns-2\">\n<li class=\"product type-product post-12374 status-publish first instock product_cat-tiaras has-post-thumbnail featured shipping-taxable purchasable product-type-variable\">\n\t<a href=\"https:\/\/augusta-store.com\/?product=tiara-macrame-dourada\" class=\"woocommerce-LoopProduct-link woocommerce-loop-product__link\"><img decoding=\"async\" width=\"500\" height=\"667\" src=\"https:\/\/augusta-store.com\/wp-content\/uploads\/2023\/02\/MG_1182_8-copiar-500x667.jpg\" class=\"attachment-woocommerce_thumbnail size-woocommerce_thumbnail\" alt=\"Tiara Macram\u00e9 Dourada\" \/><h2 class=\"woocommerce-loop-product__title\">Tiara Macram\u00e9 Dourada<\/h2>\n\t<span class=\"price\"><span class=\"woocommerce-Price-amount amount\"><bdi><span class=\"woocommerce-Price-currencySymbol\">R$<\/span>380<\/bdi><\/span><\/span>\n<\/a><a href=\"https:\/\/augusta-store.com\/?product=tiara-macrame-dourada\" aria-describedby=\"woocommerce_loop_add_to_cart_link_describedby_12374\" data-quantity=\"1\" class=\"button product_type_variable add_to_cart_button cfvsw_ajax_add_to_cart\" data-product_id=\"12374\" data-product_sku=\"\" aria-label=\"Selecione as op\u00e7\u00f5es para &ldquo;Tiara Macram\u00e9 Dourada&rdquo;\" rel=\"nofollow\" data-add_to_cart_text=\"Add to Cart\" data-select_options_text=\"Ver op\u00e7\u00f5es\">Ver op\u00e7\u00f5es<\/a>\t<span id=\"woocommerce_loop_add_to_cart_link_describedby_12374\" class=\"screen-reader-text\">\n\t\tEste produto tem v\u00e1rias variantes. As op\u00e7\u00f5es podem ser escolhidas na p\u00e1gina do produto\t<\/span>\n<\/li>\n<li class=\"product type-product post-12369 status-publish last instock product_cat-tiaras has-post-thumbnail featured shipping-taxable purchasable product-type-variable\">\n\t<a href=\"https:\/\/augusta-store.com\/?product=tiara-veludo-trancado\" class=\"woocommerce-LoopProduct-link woocommerce-loop-product__link\"><img decoding=\"async\" width=\"500\" height=\"667\" src=\"https:\/\/augusta-store.com\/wp-content\/uploads\/2023\/02\/MG_1089_8-copiar-500x667.jpg\" class=\"attachment-woocommerce_thumbnail size-woocommerce_thumbnail\" alt=\"Tiara Veludo Tran\u00e7ado\" \/><h2 class=\"woocommerce-loop-product__title\">Tiara Veludo Tran\u00e7ado<\/h2>\n\t<span class=\"price\"><span class=\"woocommerce-Price-amount amount\"><bdi><span class=\"woocommerce-Price-currencySymbol\">R$<\/span>296<\/bdi><\/span><\/span>\n<\/a><a href=\"https:\/\/augusta-store.com\/?product=tiara-veludo-trancado\" aria-describedby=\"woocommerce_loop_add_to_cart_link_describedby_12369\" data-quantity=\"1\" class=\"button product_type_variable add_to_cart_button cfvsw_ajax_add_to_cart\" data-product_id=\"12369\" data-product_sku=\"\" aria-label=\"Selecione as op\u00e7\u00f5es para &ldquo;Tiara Veludo Tran\u00e7ado&rdquo;\" rel=\"nofollow\" data-add_to_cart_text=\"Add to Cart\" data-select_options_text=\"Ver op\u00e7\u00f5es\">Ver op\u00e7\u00f5es<\/a>\t<span id=\"woocommerce_loop_add_to_cart_link_describedby_12369\" class=\"screen-reader-text\">\n\t\tEste produto tem v\u00e1rias variantes. As op\u00e7\u00f5es podem ser escolhidas na p\u00e1gina do produto\t<\/span>\n<\/li>\n<\/ul>\n<\/div><\/div>\n\t\t\t\t\t\t<\/div>\n\t\t\t\t<\/div>\n\t\t\t\t\t<\/div>\n\t\t<\/div>\n\t\t\t\t\t<\/div>\n\t\t<\/section>\n\t\t\t\t<section class=\"elementor-section elementor-top-section elementor-element elementor-element-b2c6b74 elementor-section-stretched elementor-section-full_width elementor-section-height-default elementor-section-height-default\" data-id=\"b2c6b74\" data-element_type=\"section\" data-settings=\"{&quot;stretch_section&quot;:&quot;section-stretched&quot;}\">\n\t\t\t\t\t\t<div class=\"elementor-container elementor-column-gap-default\">\n\t\t\t\t\t<div class=\"elementor-column elementor-col-33 elementor-top-column elementor-element elementor-element-3d69b1e\" data-id=\"3d69b1e\" data-element_type=\"column\">\n\t\t\t<div class=\"elementor-widget-wrap elementor-element-populated\">\n\t\t\t\t\t\t<div class=\"elementor-element elementor-element-05a4ab1 elementor-widget elementor-widget-spacer\" data-id=\"05a4ab1\" data-element_type=\"widget\" data-widget_type=\"spacer.default\">\n\t\t\t\t<div class=\"elementor-widget-container\">\n\t\t\t\t\t\t\t<div class=\"elementor-spacer\">\n\t\t\t<div class=\"elementor-spacer-inner\"><\/div>\n\t\t<\/div>\n\t\t\t\t\t\t<\/div>\n\t\t\t\t<\/div>\n\t\t\t\t<div class=\"elementor-element elementor-element-f08abd9 elementor-widget__width-initial elementor-widget elementor-widget-heading\" data-id=\"f08abd9\" data-element_type=\"widget\" data-widget_type=\"heading.default\">\n\t\t\t\t<div class=\"elementor-widget-container\">\n\t\t\t\t\t<h2 class=\"elementor-heading-title elementor-size-default\">FOLLOWING A DEMI-COUTURE TRADITION, EACH GARMENT IS\nCONCEIVED USING LOCALLY SOURCED FABRICS ONLY, ALL MADE\nFROM NATURAL, ORGANIC, BIODEGRADABLE,RECYCLED AND\nVEGAN FIBERS WITH COMPLETE SUPPLY CHAIN TRANSPARENCY.<\/h2>\t\t\t\t<\/div>\n\t\t\t\t<\/div>\n\t\t\t\t\t<\/div>\n\t\t<\/div>\n\t\t\t\t<div class=\"elementor-column elementor-col-33 elementor-top-column elementor-element elementor-element-7e06a11\" data-id=\"7e06a11\" data-element_type=\"column\">\n\t\t\t<div class=\"elementor-widget-wrap elementor-element-populated\">\n\t\t\t\t\t\t<div class=\"elementor-element elementor-element-842dce1 elementor-widget elementor-widget-spacer\" data-id=\"842dce1\" data-element_type=\"widget\" data-widget_type=\"spacer.default\">\n\t\t\t\t<div class=\"elementor-widget-container\">\n\t\t\t\t\t\t\t<div class=\"elementor-spacer\">\n\t\t\t<div class=\"elementor-spacer-inner\"><\/div>\n\t\t<\/div>\n\t\t\t\t\t\t<\/div>\n\t\t\t\t<\/div>\n\t\t\t\t<div class=\"elementor-element elementor-element-8b5a7ee elementor-widget elementor-widget-shortcode\" data-id=\"8b5a7ee\" data-element_type=\"widget\" data-widget_type=\"shortcode.default\">\n\t\t\t\t<div class=\"elementor-widget-container\">\n\t\t\t\t\t\t\t<div class=\"elementor-shortcode\"><div class=\"woocommerce columns-1 \"><ul class=\"products columns-1\">\n<li class=\"product type-product post-12358 status-publish first instock product_cat-tiaras has-post-thumbnail featured shipping-taxable purchasable product-type-variable\">\n\t<a href=\"https:\/\/augusta-store.com\/?product=tiara-gorgurao-reciclado\" class=\"woocommerce-LoopProduct-link woocommerce-loop-product__link\"><img loading=\"lazy\" decoding=\"async\" width=\"500\" height=\"667\" src=\"https:\/\/augusta-store.com\/wp-content\/uploads\/2023\/02\/MG_1165_6-copiar-500x667.jpg\" class=\"attachment-woocommerce_thumbnail size-woocommerce_thumbnail\" alt=\"Tiara Gorgur\u00e3o Reciclado\" \/><h2 class=\"woocommerce-loop-product__title\">Tiara Gorgur\u00e3o Reciclado<\/h2>\n\t<span class=\"price\"><span class=\"woocommerce-Price-amount amount\"><bdi><span class=\"woocommerce-Price-currencySymbol\">R$<\/span>324<\/bdi><\/span><\/span>\n<\/a><a href=\"https:\/\/augusta-store.com\/?product=tiara-gorgurao-reciclado\" aria-describedby=\"woocommerce_loop_add_to_cart_link_describedby_12358\" data-quantity=\"1\" class=\"button product_type_variable add_to_cart_button cfvsw_ajax_add_to_cart\" data-product_id=\"12358\" data-product_sku=\"\" aria-label=\"Selecione as op\u00e7\u00f5es para &ldquo;Tiara Gorgur\u00e3o Reciclado&rdquo;\" rel=\"nofollow\" data-add_to_cart_text=\"Add to Cart\" data-select_options_text=\"Ver op\u00e7\u00f5es\">Ver op\u00e7\u00f5es<\/a>\t<span id=\"woocommerce_loop_add_to_cart_link_describedby_12358\" class=\"screen-reader-text\">\n\t\tEste produto tem v\u00e1rias variantes. As op\u00e7\u00f5es podem ser escolhidas na p\u00e1gina do produto\t<\/span>\n<\/li>\n<\/ul>\n<\/div><\/div>\n\t\t\t\t\t\t<\/div>\n\t\t\t\t<\/div>\n\t\t\t\t\t<\/div>\n\t\t<\/div>\n\t\t\t\t<div class=\"elementor-column elementor-col-33 elementor-top-column elementor-element elementor-element-419ba55\" data-id=\"419ba55\" data-element_type=\"column\">\n\t\t\t<div class=\"elementor-widget-wrap elementor-element-populated\">\n\t\t\t\t\t\t<div class=\"elementor-element elementor-element-3457de0 elementor-widget elementor-widget-spacer\" data-id=\"3457de0\" data-element_type=\"widget\" data-widget_type=\"spacer.default\">\n\t\t\t\t<div class=\"elementor-widget-container\">\n\t\t\t\t\t\t\t<div class=\"elementor-spacer\">\n\t\t\t<div class=\"elementor-spacer-inner\"><\/div>\n\t\t<\/div>\n\t\t\t\t\t\t<\/div>\n\t\t\t\t<\/div>\n\t\t\t\t<div class=\"elementor-element elementor-element-3ad8069 elementor-widget elementor-widget-heading\" data-id=\"3ad8069\" data-element_type=\"widget\" data-widget_type=\"heading.default\">\n\t\t\t\t<div class=\"elementor-widget-container\">\n\t\t\t\t\t<h2 class=\"elementor-heading-title elementor-size-default\">AUGUSTA WORKS DIRECTLY TOGETHER WITH EACH ARTISAN AND\nSMALL FAMILY-OWNED MANUFACTORIES IN FRANCE AND BRAZIL, IN\nACCORDANCE WITH ITS CORE VALUE OF PROMOTING FAIRTRADE\nHANDICRAFTS AND TRADITIONAL TEXTILE TECHNIQUES.<\/h2>\t\t\t\t<\/div>\n\t\t\t\t<\/div>\n\t\t\t\t\t<\/div>\n\t\t<\/div>\n\t\t\t\t\t<\/div>\n\t\t<\/section>\n\t\t\t\t<\/div>\n\t\t","protected":false},"excerpt":{"rendered":"<p>SUSTAINABLE COUTURE -TO -WEAR DRAWN BY THE ELEGANCE OF ELABORATE CONSTRUCTIONS AND GENUINE ECO-DESIGN, AUGUSTA\u2019S CREATIONS ARE PRESENTED IN ULTRA-NUMBERED EDITIONS. FOLLOWING A DEMI-COUTURE TRADITION, EACH GARMENT IS CONCEIVED USING LOCALLY SOURCED FABRICS ONLY, ALL MADE FROM NATURAL, ORGANIC, BIODEGRADABLE,RECYCLED AND VEGAN FIBERS WITH COMPLETE SUPPLY CHAIN TRANSPARENCY. AUGUSTA WORKS DIRECTLY TOGETHER WITH EACH ARTISAN [&hellip;]<\/p>\n","protected":false},"author":3,"featured_media":10589,"parent":0,"menu_order":0,"comment_status":"closed","ping_status":"closed","template":"","meta":{"_joinchat":[],"footnotes":""},"class_list":["post-8754","page","type-page","status-publish","has-post-thumbnail","hentry"],"_links":{"self":[{"href":"https:\/\/augusta-store.com\/index.php?rest_route=\/wp\/v2\/pages\/8754","targetHints":{"allow":["GET"]}}],"collection":[{"href":"https:\/\/augusta-store.com\/index.php?rest_route=\/wp\/v2\/pages"}],"about":[{"href":"https:\/\/augusta-store.com\/index.php?rest_route=\/wp\/v2\/types\/page"}],"author":[{"embeddable":true,"href":"https:\/\/augusta-store.com\/index.php?rest_route=\/wp\/v2\/users\/3"}],"replies":[{"embeddable":true,"href":"https:\/\/augusta-store.com\/index.php?rest_route=%2Fwp%2Fv2%2Fcomments&post=8754"}],"version-history":[{"count":36,"href":"https:\/\/augusta-store.com\/index.php?rest_route=\/wp\/v2\/pages\/8754\/revisions"}],"predecessor-version":[{"id":12866,"href":"https:\/\/augusta-store.com\/index.php?rest_route=\/wp\/v2\/pages\/8754\/revisions\/12866"}],"wp:featuredmedia":[{"embeddable":true,"href":"https:\/\/augusta-store.com\/index.php?rest_route=\/"}],"wp:attachment":[{"href":"https:\/\/augusta-store.com\/index.php?rest_route=%2Fwp%2Fv2%2Fmedia&parent=8754"}],"curies":[{"name":"wp","href":"https:\/\/api.w.org\/{rel}","templated":true}]}}