{"id":12369,"date":"2023-02-06T13:03:13","date_gmt":"2023-02-06T13:03:13","guid":{"rendered":"https:\/\/augusta-store.com\/?post_type=product&#038;p=12369"},"modified":"2023-02-12T23:20:07","modified_gmt":"2023-02-12T23:20:07","slug":"tiara-veludo-trancado","status":"publish","type":"product","link":"https:\/\/augusta-store.com\/?product=tiara-veludo-trancado","title":{"rendered":"Tiara Veludo Tran\u00e7ado"},"content":{"rendered":"","protected":false},"excerpt":{"rendered":"<p>Tiara de veludo sustent\u00e1vel Eco-Vero (fibra austr\u00edaca, rastre\u00e1vel e certificada FSC).\u00a0Feito \u00e0 m\u00e3o por nosso artes\u00e3o.<\/p>\n","protected":false},"featured_media":12382,"comment_status":"open","ping_status":"closed","template":"","meta":{"_joinchat":[]},"product_brand":[],"product_cat":[111],"product_tag":[],"class_list":{"0":"post-12369","1":"product","2":"type-product","3":"status-publish","4":"has-post-thumbnail","6":"product_cat-tiaras","8":"first","9":"instock","10":"featured","11":"shipping-taxable","12":"purchasable","13":"product-type-variable"},"_links":{"self":[{"href":"https:\/\/augusta-store.com\/index.php?rest_route=\/wp\/v2\/product\/12369","targetHints":{"allow":["GET"]}}],"collection":[{"href":"https:\/\/augusta-store.com\/index.php?rest_route=\/wp\/v2\/product"}],"about":[{"href":"https:\/\/augusta-store.com\/index.php?rest_route=\/wp\/v2\/types\/product"}],"replies":[{"embeddable":true,"href":"https:\/\/augusta-store.com\/index.php?rest_route=%2Fwp%2Fv2%2Fcomments&post=12369"}],"version-history":[{"count":2,"href":"https:\/\/augusta-store.com\/index.php?rest_route=\/wp\/v2\/product\/12369\/revisions"}],"predecessor-version":[{"id":12378,"href":"https:\/\/augusta-store.com\/index.php?rest_route=\/wp\/v2\/product\/12369\/revisions\/12378"}],"wp:featuredmedia":[{"embeddable":true,"href":"https:\/\/augusta-store.com\/index.php?rest_route=\/wp\/v2\/media\/12382"}],"wp:attachment":[{"href":"https:\/\/augusta-store.com\/index.php?rest_route=%2Fwp%2Fv2%2Fmedia&parent=12369"}],"wp:term":[{"taxonomy":"product_brand","embeddable":true,"href":"https:\/\/augusta-store.com\/index.php?rest_route=%2Fwp%2Fv2%2Fproduct_brand&post=12369"},{"taxonomy":"product_cat","embeddable":true,"href":"https:\/\/augusta-store.com\/index.php?rest_route=%2Fwp%2Fv2%2Fproduct_cat&post=12369"},{"taxonomy":"product_tag","embeddable":true,"href":"https:\/\/augusta-store.com\/index.php?rest_route=%2Fwp%2Fv2%2Fproduct_tag&post=12369"}],"curies":[{"name":"wp","href":"https:\/\/api.w.org\/{rel}","templated":true}]}}