{"id":12374,"date":"2023-02-06T13:04:43","date_gmt":"2023-02-06T13:04:43","guid":{"rendered":"https:\/\/augusta-store.com\/?post_type=product&#038;p=12374"},"modified":"2023-02-12T23:20:54","modified_gmt":"2023-02-12T23:20:54","slug":"tiara-macrame-dourada","status":"publish","type":"product","link":"https:\/\/augusta-store.com\/?product=tiara-macrame-dourada","title":{"rendered":"Tiara Macram\u00e9 Dourada"},"content":{"rendered":"","protected":false},"excerpt":{"rendered":"<p>Tiara de Macram\u00e9\u00a0dourado com fio met\u00e1lico. Forrada com crepe de Modal sustent\u00e1vel (fibra austr\u00edaca, rastre\u00e1vel, certificada FSC). Acabamento com gorgur\u00e3o de poli\u00e9ster reciclado (a partir da reciclagem de garrafas PET). Finalizada em costura \u00e0 m\u00e3o.\u00a0Feito \u00e0 m\u00e3o por nosso artes\u00e3o.<\/p>\n","protected":false},"featured_media":12388,"comment_status":"open","ping_status":"closed","template":"","meta":{"_joinchat":[]},"product_brand":[],"product_cat":[111],"product_tag":[],"class_list":{"0":"post-12374","1":"product","2":"type-product","3":"status-publish","4":"has-post-thumbnail","6":"product_cat-tiaras","8":"first","9":"instock","10":"featured","11":"shipping-taxable","12":"purchasable","13":"product-type-variable"},"_links":{"self":[{"href":"https:\/\/augusta-store.com\/index.php?rest_route=\/wp\/v2\/product\/12374","targetHints":{"allow":["GET"]}}],"collection":[{"href":"https:\/\/augusta-store.com\/index.php?rest_route=\/wp\/v2\/product"}],"about":[{"href":"https:\/\/augusta-store.com\/index.php?rest_route=\/wp\/v2\/types\/product"}],"replies":[{"embeddable":true,"href":"https:\/\/augusta-store.com\/index.php?rest_route=%2Fwp%2Fv2%2Fcomments&post=12374"}],"version-history":[{"count":2,"href":"https:\/\/augusta-store.com\/index.php?rest_route=\/wp\/v2\/product\/12374\/revisions"}],"predecessor-version":[{"id":12377,"href":"https:\/\/augusta-store.com\/index.php?rest_route=\/wp\/v2\/product\/12374\/revisions\/12377"}],"wp:featuredmedia":[{"embeddable":true,"href":"https:\/\/augusta-store.com\/index.php?rest_route=\/wp\/v2\/media\/12388"}],"wp:attachment":[{"href":"https:\/\/augusta-store.com\/index.php?rest_route=%2Fwp%2Fv2%2Fmedia&parent=12374"}],"wp:term":[{"taxonomy":"product_brand","embeddable":true,"href":"https:\/\/augusta-store.com\/index.php?rest_route=%2Fwp%2Fv2%2Fproduct_brand&post=12374"},{"taxonomy":"product_cat","embeddable":true,"href":"https:\/\/augusta-store.com\/index.php?rest_route=%2Fwp%2Fv2%2Fproduct_cat&post=12374"},{"taxonomy":"product_tag","embeddable":true,"href":"https:\/\/augusta-store.com\/index.php?rest_route=%2Fwp%2Fv2%2Fproduct_tag&post=12374"}],"curies":[{"name":"wp","href":"https:\/\/api.w.org\/{rel}","templated":true}]}}